{"id":225,"date":"2020-02-12T13:55:59","date_gmt":"2020-02-12T13:55:59","guid":{"rendered":"http:\/\/www.dobroteasa.ro\/?page_id=225"},"modified":"2023-02-02T12:20:51","modified_gmt":"2023-02-02T12:20:51","slug":"preoti-slujitori","status":"publish","type":"page","link":"http:\/\/dobroteasa.ro\/?page_id=225","title":{"rendered":"Preoti slujitori"},"content":{"rendered":"<p>[et_pb_section fb_built=&#8221;1&#8243; _builder_version=&#8221;4.16&#8243; global_colors_info=&#8221;{}&#8221;][et_pb_row column_structure=&#8221;1_3,1_3,1_3&#8243; _builder_version=&#8221;4.16&#8243; background_image=&#8221;http:\/\/www.dobroteasa.ro\/wp-content\/uploads\/2020\/02\/church-01.jpg&#8221; global_colors_info=&#8221;{}&#8221;][et_pb_column type=&#8221;1_3&#8243; _builder_version=&#8221;4.16&#8243; global_colors_info=&#8221;{}&#8221;][\/et_pb_column][et_pb_column type=&#8221;1_3&#8243; _builder_version=&#8221;4.16&#8243; global_colors_info=&#8221;{}&#8221;][et_pb_image src=&#8221;http:\/\/dobroteasa.ro\/wp-content\/uploads\/2020\/12\/Poza-profil-website-Dobroteasa-2020.jpg&#8221; align=&#8221;center&#8221; _builder_version=&#8221;4.16&#8243; box_shadow_style=&#8221;preset1&#8243; global_colors_info=&#8221;{}&#8221;][\/et_pb_image][\/et_pb_column][et_pb_column type=&#8221;1_3&#8243; _builder_version=&#8221;4.16&#8243; global_colors_info=&#8221;{}&#8221;][\/et_pb_column][\/et_pb_row][et_pb_row column_structure=&#8221;1_5,3_5,1_5&#8243; _builder_version=&#8221;4.16&#8243; global_colors_info=&#8221;{}&#8221;][et_pb_column type=&#8221;1_5&#8243; _builder_version=&#8221;4.16&#8243; global_colors_info=&#8221;{}&#8221;][\/et_pb_column][et_pb_column type=&#8221;3_5&#8243; _builder_version=&#8221;4.16&#8243; global_colors_info=&#8221;{}&#8221;][et_pb_text module_id=&#8221;parascheva&#8221; _builder_version=&#8221;4.16&#8243; text_font_size=&#8221;16px&#8221; text_line_height=&#8221;1.8em&#8221; header_font=&#8221;Oswald||||||||&#8221; header_text_align=&#8221;center&#8221; header_text_color=&#8221;#474747&#8243; header_text_shadow_style=&#8221;preset1&#8243; global_colors_info=&#8221;{}&#8221;]<\/p>\n<h1 id=\"parascheva\"><strong>Preot Paroh Liviu BARBU<\/strong><\/h1>\n<p>&nbsp;<\/p>\n<p><span><strong>Data na\u0219terii<\/strong>: 13.05.1975<\/span><\/p>\n<p><strong>Starea Civila<\/strong><span>: Casatorit, 3 copii<\/span><br \/> <span><strong>Studii:<\/strong> Licen\u021biat \u00een Teologie pastoral\u0103, Facultatea de Teologie Ortodox\u0103, Universitatea Bucure\u0219ti (1999)<\/span><br \/> <span><strong>Specializ\u0103ri:<\/strong> Doctorat \u00een Teologie pastorala, King\u2019s College London, Marea Britanie (2008)\u00a0 Tez\u0103: \u201e\u00cendrumarea duhovniceasc\u0103 \u00een tradi\u021bia ortodox\u0103: implica\u021bii pentru teologia pastoral\u0103\u00a0contemporan\u0103\u201d.<br \/>Masterat \u00een Etic\u0103 \u0219i moral\u0103 cre\u0219tin\u0103, King\u2019s College London (2003).<br \/>Masterat \u00een Studii biblice, Facultatea de Teologie Ortodox\u0103, Universitatea Bucure\u0219ti (2000).<\/span><\/p>\n<p>\u00a0<strong style=\"font-size: 16px;\">Hirotonie preot<\/strong><span style=\"font-size: 16px;\">: 29 martie 2009<\/span><\/p>\n<p><span><\/span><\/p>\n<p>Protopop, Protopopiatul misionar de Est, Marea Britanie (2018-2020).<br \/>Preot paroh, Parohia Sf. Mc. Filoteea \u0219i Sf. Cuv. Beda Venerabilul, Norwich &amp; East Anglia\u00a0(2010\u20132020).<br \/>Preot co-slujitor, Parohia Sf. M. Mc. Gheorghe, Londra, Marea Britanie (2009-2010)<br \/>Diacon, Parohia Sf. M. Mc. Gheorghe, Londra, Marea Britanie (2008-2009)<\/p>\n<p><span><\/span><\/p>\n<p>[\/et_pb_text][et_pb_divider _builder_version=&#8221;4.16&#8243; global_colors_info=&#8221;{}&#8221;][\/et_pb_divider][\/et_pb_column][et_pb_column type=&#8221;1_5&#8243; _builder_version=&#8221;4.16&#8243; global_colors_info=&#8221;{}&#8221;][\/et_pb_column][\/et_pb_row][et_pb_row column_structure=&#8221;1_3,1_3,1_3&#8243; _builder_version=&#8221;4.16&#8243; background_image=&#8221;http:\/\/www.dobroteasa.ro\/wp-content\/uploads\/2020\/02\/church-18-1-scaled.jpg&#8221; global_colors_info=&#8221;{}&#8221;][et_pb_column type=&#8221;1_3&#8243; _builder_version=&#8221;4.16&#8243; global_colors_info=&#8221;{}&#8221;][\/et_pb_column][et_pb_column type=&#8221;1_3&#8243; _builder_version=&#8221;4.16&#8243; global_colors_info=&#8221;{}&#8221;][et_pb_image src=&#8221;http:\/\/dobroteasa.ro\/wp-content\/uploads\/2020\/03\/Pr-Gheorghe-Ionita-1.jpg&#8221; align=&#8221;center&#8221; _builder_version=&#8221;4.16&#8243; box_shadow_style=&#8221;preset1&#8243; global_colors_info=&#8221;{}&#8221;][\/et_pb_image][\/et_pb_column][et_pb_column type=&#8221;1_3&#8243; _builder_version=&#8221;4.16&#8243; global_colors_info=&#8221;{}&#8221;][\/et_pb_column][\/et_pb_row][et_pb_row column_structure=&#8221;1_5,3_5,1_5&#8243; _builder_version=&#8221;4.16&#8243; global_colors_info=&#8221;{}&#8221;][et_pb_column type=&#8221;1_5&#8243; _builder_version=&#8221;4.16&#8243; global_colors_info=&#8221;{}&#8221;][\/et_pb_column][et_pb_column type=&#8221;3_5&#8243; _builder_version=&#8221;4.16&#8243; global_colors_info=&#8221;{}&#8221;][et_pb_text module_id=&#8221;filoteea&#8221; _builder_version=&#8221;4.16&#8243; text_font_size=&#8221;16px&#8221; text_line_height=&#8221;1.8em&#8221; header_font=&#8221;Oswald||||||||&#8221; header_text_align=&#8221;center&#8221; header_text_color=&#8221;#474747&#8243; header_text_shadow_style=&#8221;preset1&#8243; global_colors_info=&#8221;{}&#8221;]<\/p>\n<h1 id=\"filoteea\"><strong>Preot Iconom Stavrofor Gheorghe IONITA<\/strong><\/h1>\n<p><span style=\"font-size: 16px;\">\u00a0<\/span><\/p>\n<p><strong>Data Nasterii<\/strong><span>: 04 Mai 1962<\/span><br \/><strong>Starea Civila<\/strong><span>: Casatorit, 2 copii<\/span><br \/><strong>Studii<\/strong><span>: Institutul Teologic de Grad Universitar Bucuresti (1989)<\/span><br \/><strong>Specializari<\/strong><span>: Master, Universitatea \u201cValahia\u201d Targoviste, Facultatea de Teologie\u00a0Ortodoxa (2006)\u00a0<\/span><br \/><strong>Hirotonie Preot<\/strong>: 15 Octombrie 1989 \u00een Catedrala Patriarhal\u0103 din Bucure\u0219ti<\/p>\n<p>Preot Paroh al bisericii Dobroteasa intre anii 2020 si 2022<\/p>\n<p>&nbsp;<\/p>\n<p>[\/et_pb_text][et_pb_divider _builder_version=&#8221;4.16&#8243; global_colors_info=&#8221;{}&#8221;][\/et_pb_divider][\/et_pb_column][et_pb_column type=&#8221;1_5&#8243; _builder_version=&#8221;4.16&#8243; global_colors_info=&#8221;{}&#8221;][\/et_pb_column][\/et_pb_row][et_pb_row column_structure=&#8221;1_3,1_3,1_3&#8243; _builder_version=&#8221;4.16&#8243; background_image=&#8221;http:\/\/www.dobroteasa.ro\/wp-content\/uploads\/2020\/02\/church-01.jpg&#8221; global_colors_info=&#8221;{}&#8221;][et_pb_column type=&#8221;1_3&#8243; _builder_version=&#8221;4.16&#8243; global_colors_info=&#8221;{}&#8221;][\/et_pb_column][et_pb_column type=&#8221;1_3&#8243; _builder_version=&#8221;4.16&#8243; global_colors_info=&#8221;{}&#8221;][et_pb_image src=&#8221;http:\/\/dobroteasa.ro\/wp-content\/uploads\/2020\/03\/Pr-Gheorghe-Sima.jpg&#8221; align=&#8221;center&#8221; _builder_version=&#8221;4.16&#8243; box_shadow_style=&#8221;preset1&#8243; global_colors_info=&#8221;{}&#8221;][\/et_pb_image][\/et_pb_column][et_pb_column type=&#8221;1_3&#8243; _builder_version=&#8221;4.16&#8243; global_colors_info=&#8221;{}&#8221;][\/et_pb_column][\/et_pb_row][et_pb_row column_structure=&#8221;1_5,3_5,1_5&#8243; _builder_version=&#8221;4.16&#8243; global_colors_info=&#8221;{}&#8221;][et_pb_column type=&#8221;1_5&#8243; _builder_version=&#8221;4.16&#8243; global_colors_info=&#8221;{}&#8221;][\/et_pb_column][et_pb_column type=&#8221;3_5&#8243; _builder_version=&#8221;4.16&#8243; global_colors_info=&#8221;{}&#8221;][et_pb_text module_id=&#8221;bunavestire&#8221; _builder_version=&#8221;4.16&#8243; text_font_size=&#8221;16px&#8221; text_line_height=&#8221;1.8em&#8221; header_font=&#8221;Oswald||||||||&#8221; header_text_align=&#8221;center&#8221; header_text_color=&#8221;#474747&#8243; custom_padding=&#8221;0px|||||&#8221; header_text_shadow_style=&#8221;preset1&#8243; global_colors_info=&#8221;{}&#8221;]<\/p>\n<h1 id=\"gheorghe-sima\">Gheorghe SIMA, preot \u00eembisericit<\/h1>\n<p>&nbsp;<\/p>\n<p><strong>Data Nasterii<\/strong>: 15 Aprilie 1953<br \/> <strong>Studii<\/strong>: Universitatea Bucuresti, Facultatea de Teologie Ortodoxa Bucuresti (1984)<br \/> <strong>Specializari<\/strong>: Doctorat, Universitatea Bucuresti, Facultatea de Teologie Ortodoxa Bucuresti (2000)<br \/> Teza de doctorat: \u201cSpiritualitatea ortodoxa. Fiinta si forme de manifestare\u201d<br \/> Master \u201cManagementul Serviciilor de Sanatate si Asistenta Sociala\u201d, Universitatea Bucuresti, Facultatea de Sociologie si Asistenta Sociala (2006)<br \/> Hirotonie Preot: 4 Iunie 1990 \u2013 Sfanta Treime, pe seama Parohiei Dobroteasa, Protoieria III Capitala<\/p>\n<p>Preot Paroh al bisericii Dobroteasa intre anii 1990 si 2020 si parinte spiritual al parohiei.<\/p>\n<p>&nbsp;<\/p>\n<p>[\/et_pb_text][\/et_pb_column][et_pb_column type=&#8221;1_5&#8243; _builder_version=&#8221;4.16&#8243; global_colors_info=&#8221;{}&#8221;][\/et_pb_column][\/et_pb_row][\/et_pb_section]<\/p>\n","protected":false},"excerpt":{"rendered":"<p>Preot Paroh Liviu BARBU &nbsp; Data na\u0219terii: 13.05.1975 Starea Civila: Casatorit, 3 copii Studii: Licen\u021biat \u00een Teologie pastoral\u0103, Facultatea de Teologie Ortodox\u0103, Universitatea Bucure\u0219ti (1999) Specializ\u0103ri: Doctorat \u00een Teologie pastorala, King\u2019s College London, Marea Britanie (2008)\u00a0 Tez\u0103: \u201e\u00cendrumarea duhovniceasc\u0103 \u00een tradi\u021bia ortodox\u0103: implica\u021bii pentru teologia pastoral\u0103\u00a0contemporan\u0103\u201d.Masterat \u00een Etic\u0103 \u0219i moral\u0103 cre\u0219tin\u0103, King\u2019s College London (2003).Masterat [&hellip;]<\/p>\n","protected":false},"author":2,"featured_media":0,"parent":0,"menu_order":0,"comment_status":"closed","ping_status":"closed","template":"","meta":{"_et_pb_use_builder":"on","_et_pb_old_content":"<!-- wp:divi\/placeholder \/-->","_et_gb_content_width":""},"acf":[],"_links":{"self":[{"href":"http:\/\/dobroteasa.ro\/index.php?rest_route=\/wp\/v2\/pages\/225"}],"collection":[{"href":"http:\/\/dobroteasa.ro\/index.php?rest_route=\/wp\/v2\/pages"}],"about":[{"href":"http:\/\/dobroteasa.ro\/index.php?rest_route=\/wp\/v2\/types\/page"}],"author":[{"embeddable":true,"href":"http:\/\/dobroteasa.ro\/index.php?rest_route=\/wp\/v2\/users\/2"}],"replies":[{"embeddable":true,"href":"http:\/\/dobroteasa.ro\/index.php?rest_route=%2Fwp%2Fv2%2Fcomments&post=225"}],"version-history":[{"count":22,"href":"http:\/\/dobroteasa.ro\/index.php?rest_route=\/wp\/v2\/pages\/225\/revisions"}],"predecessor-version":[{"id":1447,"href":"http:\/\/dobroteasa.ro\/index.php?rest_route=\/wp\/v2\/pages\/225\/revisions\/1447"}],"wp:attachment":[{"href":"http:\/\/dobroteasa.ro\/index.php?rest_route=%2Fwp%2Fv2%2Fmedia&parent=225"}],"curies":[{"name":"wp","href":"https:\/\/api.w.org\/{rel}","templated":true}]}}